{"id":11,"date":"2017-06-03T14:46:28","date_gmt":"2017-06-03T12:46:28","guid":{"rendered":"http:\/\/schulstiftung-calvarienberg.de\/?page_id=11"},"modified":"2017-11-19T13:26:56","modified_gmt":"2017-11-19T12:26:56","slug":"schulen","status":"publish","type":"page","link":"https:\/\/schulstiftung-calvarienberg.de\/?page_id=11","title":{"rendered":"Schulen"},"content":{"rendered":"<h3><img loading=\"lazy\" decoding=\"async\" class=\"alignleft wp-image-44\" title=\"Foto: Solveig B\u00f6hl\" src=\"https:\/\/schulstiftung-calvarienberg.de\/wp-content\/uploads\/2017\/08\/calvarienberg-aussen_13-1-300x200.jpg\" alt=\"\" width=\"159\" height=\"108\"><\/h3>\n<p style=\"text-align: left;\">Die Schulen des Calvarienbergs stellen als christliche Traditionsschulen einen wichtigen Baustein der Schullandschaft im Kreis Ahrweiler dar. Sch\u00fclerinnen und Sch\u00fcler werden im ganzheitlichen Sinne ausgebildet: kognitiv, kompetent, religi\u00f6s und sozial. Sie sollen zu verantwortungsvollen Menschen innerhalb der Gesellschaft erzogen werden.<\/p>\n<p>Das Profil der Schulen orientiert sich an der ursulinischen Tradition. Mit religi\u00f6sem Schwerpunkt achten wir auf eine breite Allgemeinbildung und Methodenkompetenz als Vorbereitung auf die Anforderungen der modernen und vielf\u00e4ltigen Gesellschaft.<\/p>\n<p>Nach knapp 180 Jahren erfolgreicher Bildungsarbeit haben die Ursulinen den Standort Ahrweiler im Jahr 2017 verlassen, da personelle und finanzielle Gr\u00fcnde es erforderten.<\/p>\n","protected":false},"excerpt":{"rendered":"<p>Die Schulen des Calvarienbergs stellen als christliche Traditionsschulen einen wichtigen Baustein der Schullandschaft im Kreis Ahrweiler dar. Sch\u00fclerinnen und Sch\u00fcler werden im ganzheitlichen Sinne ausgebildet: kognitiv, kompetent, religi\u00f6s und sozial. Sie sollen zu verantwortungsvollen Menschen innerhalb der Gesellschaft erzogen werden. &hellip; <a href=\"https:\/\/schulstiftung-calvarienberg.de\/?page_id=11\">Weiterlesen <span class=\"meta-nav\">&rarr;<\/span><\/a><\/p>\n","protected":false},"author":1,"featured_media":0,"parent":0,"menu_order":2,"comment_status":"closed","ping_status":"closed","template":"","meta":{"footnotes":""},"class_list":["post-11","page","type-page","status-publish","hentry"],"_links":{"self":[{"href":"https:\/\/schulstiftung-calvarienberg.de\/index.php?rest_route=\/wp\/v2\/pages\/11","targetHints":{"allow":["GET"]}}],"collection":[{"href":"https:\/\/schulstiftung-calvarienberg.de\/index.php?rest_route=\/wp\/v2\/pages"}],"about":[{"href":"https:\/\/schulstiftung-calvarienberg.de\/index.php?rest_route=\/wp\/v2\/types\/page"}],"author":[{"embeddable":true,"href":"https:\/\/schulstiftung-calvarienberg.de\/index.php?rest_route=\/wp\/v2\/users\/1"}],"replies":[{"embeddable":true,"href":"https:\/\/schulstiftung-calvarienberg.de\/index.php?rest_route=%2Fwp%2Fv2%2Fcomments&post=11"}],"version-history":[{"count":13,"href":"https:\/\/schulstiftung-calvarienberg.de\/index.php?rest_route=\/wp\/v2\/pages\/11\/revisions"}],"predecessor-version":[{"id":310,"href":"https:\/\/schulstiftung-calvarienberg.de\/index.php?rest_route=\/wp\/v2\/pages\/11\/revisions\/310"}],"wp:attachment":[{"href":"https:\/\/schulstiftung-calvarienberg.de\/index.php?rest_route=%2Fwp%2Fv2%2Fmedia&parent=11"}],"curies":[{"name":"wp","href":"https:\/\/api.w.org\/{rel}","templated":true}]}}