{"id":13,"date":"2017-06-03T14:47:39","date_gmt":"2017-06-03T12:47:39","guid":{"rendered":"http:\/\/schulstiftung-calvarienberg.de\/?page_id=13"},"modified":"2017-09-23T21:08:27","modified_gmt":"2017-09-23T19:08:27","slug":"gymnasium","status":"publish","type":"page","link":"https:\/\/schulstiftung-calvarienberg.de\/?page_id=13","title":{"rendered":"Gymnasium"},"content":{"rendered":"<h6 style=\"text-align: center;\"><img loading=\"lazy\" decoding=\"async\" class=\"size-full wp-image-203 alignleft\" src=\"https:\/\/schulstiftung-calvarienberg.de\/wp-content\/uploads\/2017\/06\/d20fcf6c9a.jpg\" alt=\"\" width=\"150\" height=\"114\"><\/h6>\n<p>Bereits zwei Jahre nachdem insgesamt 11 Schwestern des Ursulinenordens und 7 Internatssch\u00fclerinnen 1838 von Monschau auf den Calvarienberg nach Ahrweiler gekommen waren, wurde 1840 die erste Schule auf dem Berg gegr\u00fcndet. Getreu den Leits\u00e4tzen der Ordensgr\u00fcnderin, der Hl. Angela Merici, haben sich die Schwestern bis heute besonders der Erziehung und Bildung von M\u00e4dchen gewidmet. Nach vielen Irrungen und Wirkungen, die dem Kulturkampf unter Bismarck und den beiden Weltkriegen geschuldet waren, begann 1945 der gymnasiale Alltag mit damals 350 Sch\u00fclerinnen. Doch der Wandel der Gesellschaft machte auch vor unserer Schule nicht halt: Seit Beginn des Schuljahres 1997\/98 k\u00f6nnen nun auch Jungen an unserer Schule das Abitur ablegen. Derzeit besuchen 690 Sch\u00fclerinnen und Sch\u00fcler das Gymnasium, wobei die M\u00e4dchen immer noch in der \u00dcberzahl sind: In jeder Jahrgangsstufe wird eine Klasse als reine M\u00e4dchenklasse gegr\u00fcndet, die M\u00e4dchenbildung als grunds\u00e4tzliches Ziel der Ursulinen soll so weiter in unserem Schulalltag sichtbar bleiben.<\/p>\n<p>Als Europaschule des Landes Rheinland-Pfalz ist es unser Ziel, unsere Sch\u00fcler zu europ\u00e4ischen B\u00fcrgern zu erziehen und so an der Gestaltung des geeinten Europas mitzuwirken. Zahlreiche AG-Angebote, ein breit gef\u00e4chertes Austauschprogramm und die Teilnahme an verschiedenen Wettbewerben runden unser schulisches Angebot ab. In unserem <a href=\"https:\/\/schulstiftung-calvarienberg.de\/?page_id=17\">Tagesinternat TIC<\/a> k\u00f6nnen Sch\u00fclerinnen und Sch\u00fcler nachmittags ihr Wissen vertiefen.&nbsp;<\/p>\n<p>Haben wir Ihr Interesse geweckt? Dann geht es <a href=\"http:\/\/gymnasium-calvarienberg.de\/index.php?id=2\">hier<\/a>&nbsp;zu&nbsp;unserer Website.<\/p>\n","protected":false},"excerpt":{"rendered":"<p>Bereits zwei Jahre nachdem insgesamt 11 Schwestern des Ursulinenordens und 7 Internatssch\u00fclerinnen 1838 von Monschau auf den Calvarienberg nach Ahrweiler gekommen waren, wurde 1840 die erste Schule auf dem Berg gegr\u00fcndet. Getreu den Leits\u00e4tzen der Ordensgr\u00fcnderin, der Hl. Angela Merici, &hellip; <a href=\"https:\/\/schulstiftung-calvarienberg.de\/?page_id=13\">Weiterlesen <span class=\"meta-nav\">&rarr;<\/span><\/a><\/p>\n","protected":false},"author":1,"featured_media":0,"parent":11,"menu_order":1,"comment_status":"closed","ping_status":"closed","template":"","meta":{"footnotes":""},"class_list":["post-13","page","type-page","status-publish","hentry"],"_links":{"self":[{"href":"https:\/\/schulstiftung-calvarienberg.de\/index.php?rest_route=\/wp\/v2\/pages\/13","targetHints":{"allow":["GET"]}}],"collection":[{"href":"https:\/\/schulstiftung-calvarienberg.de\/index.php?rest_route=\/wp\/v2\/pages"}],"about":[{"href":"https:\/\/schulstiftung-calvarienberg.de\/index.php?rest_route=\/wp\/v2\/types\/page"}],"author":[{"embeddable":true,"href":"https:\/\/schulstiftung-calvarienberg.de\/index.php?rest_route=\/wp\/v2\/users\/1"}],"replies":[{"embeddable":true,"href":"https:\/\/schulstiftung-calvarienberg.de\/index.php?rest_route=%2Fwp%2Fv2%2Fcomments&post=13"}],"version-history":[{"count":16,"href":"https:\/\/schulstiftung-calvarienberg.de\/index.php?rest_route=\/wp\/v2\/pages\/13\/revisions"}],"predecessor-version":[{"id":217,"href":"https:\/\/schulstiftung-calvarienberg.de\/index.php?rest_route=\/wp\/v2\/pages\/13\/revisions\/217"}],"up":[{"embeddable":true,"href":"https:\/\/schulstiftung-calvarienberg.de\/index.php?rest_route=\/wp\/v2\/pages\/11"}],"wp:attachment":[{"href":"https:\/\/schulstiftung-calvarienberg.de\/index.php?rest_route=%2Fwp%2Fv2%2Fmedia&parent=13"}],"curies":[{"name":"wp","href":"https:\/\/api.w.org\/{rel}","templated":true}]}}