{"id":23,"date":"2017-06-03T14:49:17","date_gmt":"2017-06-03T12:49:17","guid":{"rendered":"http:\/\/schulstiftung-calvarienberg.de\/?page_id=23"},"modified":"2017-11-19T13:29:10","modified_gmt":"2017-11-19T12:29:10","slug":"impressum","status":"publish","type":"page","link":"https:\/\/schulstiftung-calvarienberg.de\/?page_id=23","title":{"rendered":"Impressum"},"content":{"rendered":"<div class=\"entry-content\">\n<div>\n<p>Schulstiftung Calvarienberg Ahrweiler<\/p>\n<p>Dr. Annette Gies<\/p>\n<p>Blandine-Merten-Stra\u00dfe 30<\/p>\n<p>53474 Bad Neuenahr-Ahrweiler<\/p>\n<p>email: gies@gymnasium-calvarienberg.de<\/p>\n<p>Inhaltlich Verantwortlicher gem\u00e4\u00df \u00a7 10 Absatz 3 MDStV:<\/p>\n<p>Sr. Roswitha M. Schmitz (webmaster)<\/p>\n<p>admin@schulstiftung-calvarienberg.de<\/p>\n<p>Anschrift wie oben<\/p>\n<p>Haftungshinweis:<\/p>\n<p>Trotz sorgf\u00e4ltiger inhaltlicher Kontrolle \u00fcbernehmen wir keine Haftung f\u00fcr die Inhalte externer Links. F\u00fcr den Inhalt der verlinkten Seiten sind ausschlie\u00dflich deren Betreiber verantwortlich.<\/p>\n<\/div>\n<\/div>\n","protected":false},"excerpt":{"rendered":"<p>Schulstiftung Calvarienberg Ahrweiler Dr. Annette Gies Blandine-Merten-Stra\u00dfe 30 53474 Bad Neuenahr-Ahrweiler email: gies@gymnasium-calvarienberg.de Inhaltlich Verantwortlicher gem\u00e4\u00df \u00a7 10 Absatz 3 MDStV: Sr. Roswitha M. Schmitz (webmaster) admin@schulstiftung-calvarienberg.de Anschrift wie oben Haftungshinweis: Trotz sorgf\u00e4ltiger inhaltlicher Kontrolle \u00fcbernehmen wir keine Haftung f\u00fcr &hellip; <a href=\"https:\/\/schulstiftung-calvarienberg.de\/?page_id=23\">Weiterlesen <span class=\"meta-nav\">&rarr;<\/span><\/a><\/p>\n","protected":false},"author":1,"featured_media":0,"parent":0,"menu_order":6,"comment_status":"closed","ping_status":"closed","template":"","meta":{"footnotes":""},"class_list":["post-23","page","type-page","status-publish","hentry"],"_links":{"self":[{"href":"https:\/\/schulstiftung-calvarienberg.de\/index.php?rest_route=\/wp\/v2\/pages\/23","targetHints":{"allow":["GET"]}}],"collection":[{"href":"https:\/\/schulstiftung-calvarienberg.de\/index.php?rest_route=\/wp\/v2\/pages"}],"about":[{"href":"https:\/\/schulstiftung-calvarienberg.de\/index.php?rest_route=\/wp\/v2\/types\/page"}],"author":[{"embeddable":true,"href":"https:\/\/schulstiftung-calvarienberg.de\/index.php?rest_route=\/wp\/v2\/users\/1"}],"replies":[{"embeddable":true,"href":"https:\/\/schulstiftung-calvarienberg.de\/index.php?rest_route=%2Fwp%2Fv2%2Fcomments&post=23"}],"version-history":[{"count":5,"href":"https:\/\/schulstiftung-calvarienberg.de\/index.php?rest_route=\/wp\/v2\/pages\/23\/revisions"}],"predecessor-version":[{"id":194,"href":"https:\/\/schulstiftung-calvarienberg.de\/index.php?rest_route=\/wp\/v2\/pages\/23\/revisions\/194"}],"wp:attachment":[{"href":"https:\/\/schulstiftung-calvarienberg.de\/index.php?rest_route=%2Fwp%2Fv2%2Fmedia&parent=23"}],"curies":[{"name":"wp","href":"https:\/\/api.w.org\/{rel}","templated":true}]}}