{"id":25,"date":"2017-06-03T14:49:33","date_gmt":"2017-06-03T12:49:33","guid":{"rendered":"http:\/\/schulstiftung-calvarienberg.de\/?page_id=25"},"modified":"2017-11-19T13:29:22","modified_gmt":"2017-11-19T12:29:22","slug":"disclaimer","status":"publish","type":"page","link":"https:\/\/schulstiftung-calvarienberg.de\/?page_id=25","title":{"rendered":"Disclaimer"},"content":{"rendered":"<p>Auf http:\/\/schustiftung-calvarienberg.de und s\u00e4mtlichen anderen Internetseiten der Schulstiftung Calvarienberg Ahrweiler sind Links zu anderen Seiten im Internet gelegt. F\u00fcr all diese Links gilt: Wir m\u00f6chten ausdr\u00fccklich betonen, dass wir keinerlei Einfluss auf die Gestaltung und die Inhalte der gelinkten Seiten haben. Deshalb distanzieren wir uns hiermit ausdr\u00fccklich von allen Inhalten aller gelinkten Seiten auf dieser Homepage. Diese Erkl\u00e4rung gilt f\u00fcr alle auf dieser Homepage angebrachten Links.<\/p>\n","protected":false},"excerpt":{"rendered":"<p>Auf http:\/\/schustiftung-calvarienberg.de und s\u00e4mtlichen anderen Internetseiten der Schulstiftung Calvarienberg Ahrweiler sind Links zu anderen Seiten im Internet gelegt. F\u00fcr all diese Links gilt: Wir m\u00f6chten ausdr\u00fccklich betonen, dass wir keinerlei Einfluss auf die Gestaltung und die Inhalte der gelinkten Seiten &hellip; <a href=\"https:\/\/schulstiftung-calvarienberg.de\/?page_id=25\">Weiterlesen <span class=\"meta-nav\">&rarr;<\/span><\/a><\/p>\n","protected":false},"author":1,"featured_media":0,"parent":23,"menu_order":7,"comment_status":"closed","ping_status":"closed","template":"","meta":{"footnotes":""},"class_list":["post-25","page","type-page","status-publish","hentry"],"_links":{"self":[{"href":"https:\/\/schulstiftung-calvarienberg.de\/index.php?rest_route=\/wp\/v2\/pages\/25","targetHints":{"allow":["GET"]}}],"collection":[{"href":"https:\/\/schulstiftung-calvarienberg.de\/index.php?rest_route=\/wp\/v2\/pages"}],"about":[{"href":"https:\/\/schulstiftung-calvarienberg.de\/index.php?rest_route=\/wp\/v2\/types\/page"}],"author":[{"embeddable":true,"href":"https:\/\/schulstiftung-calvarienberg.de\/index.php?rest_route=\/wp\/v2\/users\/1"}],"replies":[{"embeddable":true,"href":"https:\/\/schulstiftung-calvarienberg.de\/index.php?rest_route=%2Fwp%2Fv2%2Fcomments&post=25"}],"version-history":[{"count":2,"href":"https:\/\/schulstiftung-calvarienberg.de\/index.php?rest_route=\/wp\/v2\/pages\/25\/revisions"}],"predecessor-version":[{"id":31,"href":"https:\/\/schulstiftung-calvarienberg.de\/index.php?rest_route=\/wp\/v2\/pages\/25\/revisions\/31"}],"up":[{"embeddable":true,"href":"https:\/\/schulstiftung-calvarienberg.de\/index.php?rest_route=\/wp\/v2\/pages\/23"}],"wp:attachment":[{"href":"https:\/\/schulstiftung-calvarienberg.de\/index.php?rest_route=%2Fwp%2Fv2%2Fmedia&parent=25"}],"curies":[{"name":"wp","href":"https:\/\/api.w.org\/{rel}","templated":true}]}}