{"id":86,"date":"2017-09-06T12:53:12","date_gmt":"2017-09-06T10:53:12","guid":{"rendered":"http:\/\/schulstiftung-calvarienberg.de\/?page_id=86"},"modified":"2018-11-21T21:14:30","modified_gmt":"2018-11-21T20:14:30","slug":"foerderverein","status":"publish","type":"page","link":"https:\/\/schulstiftung-calvarienberg.de\/?page_id=86","title":{"rendered":"F\u00f6rderverein"},"content":{"rendered":"<h1 style=\"text-align: center;\">Der F\u00f6rderverein des Calvarienberges e.V.<\/h1>\n<p>In 1962 gegr\u00fcndet mit dem Ziel, die christliche Bildungs- und Erziehungsarbeit der Ursulinenschulen des Calvarienberges finanziell und ideell nach Kr\u00e4ften zu unterst\u00fctzen. Wir verstehen uns als zus\u00e4tzliche S\u00e4ule unserer Gemeinschaft, die es m\u00f6glich macht, eingehende Spenden und Mitgliedsbeitr\u00e4ge f\u00fcr die sinnvolle Erg\u00e4nzung vorhandener Lehr- und Lernmittel zu verwenden.<\/p>\n<p><img loading=\"lazy\" decoding=\"async\" class=\"alignnone wp-image-243 aligncenter\" src=\"https:\/\/schulstiftung-calvarienberg.de\/wp-content\/uploads\/2017\/09\/spenden\u00fcbergabe_neu-300x199.jpg\" alt=\"\" width=\"310\" height=\"210\"><\/p>\n<p>&nbsp;<\/p>\n<p class=\"p1\">&nbsp;<\/p>\n<p class=\"p1\"><a href=\"https:\/\/www.realschule-calvarienberg.de\/wp-content\/uploads\/2018\/01\/flyer-foerderverein-06.17.pdf\">Hier finden Sie den Flyer des F\u00f6rdervereins und eine Beitrittserkl\u00e4rung.<\/a><\/p>\n<p class=\"p1\">Danke f\u00fcr Ihre Unterst\u00fctzung!<\/p>\n","protected":false},"excerpt":{"rendered":"<p>Der F\u00f6rderverein des Calvarienberges e.V. In 1962 gegr\u00fcndet mit dem Ziel, die christliche Bildungs- und Erziehungsarbeit der Ursulinenschulen des Calvarienberges finanziell und ideell nach Kr\u00e4ften zu unterst\u00fctzen. Wir verstehen uns als zus\u00e4tzliche S\u00e4ule unserer Gemeinschaft, die es m\u00f6glich macht, eingehende &hellip; <a href=\"https:\/\/schulstiftung-calvarienberg.de\/?page_id=86\">Weiterlesen <span class=\"meta-nav\">&rarr;<\/span><\/a><\/p>\n","protected":false},"author":2,"featured_media":0,"parent":0,"menu_order":6,"comment_status":"closed","ping_status":"closed","template":"","meta":{"footnotes":""},"class_list":["post-86","page","type-page","status-publish","hentry"],"_links":{"self":[{"href":"https:\/\/schulstiftung-calvarienberg.de\/index.php?rest_route=\/wp\/v2\/pages\/86","targetHints":{"allow":["GET"]}}],"collection":[{"href":"https:\/\/schulstiftung-calvarienberg.de\/index.php?rest_route=\/wp\/v2\/pages"}],"about":[{"href":"https:\/\/schulstiftung-calvarienberg.de\/index.php?rest_route=\/wp\/v2\/types\/page"}],"author":[{"embeddable":true,"href":"https:\/\/schulstiftung-calvarienberg.de\/index.php?rest_route=\/wp\/v2\/users\/2"}],"replies":[{"embeddable":true,"href":"https:\/\/schulstiftung-calvarienberg.de\/index.php?rest_route=%2Fwp%2Fv2%2Fcomments&post=86"}],"version-history":[{"count":4,"href":"https:\/\/schulstiftung-calvarienberg.de\/index.php?rest_route=\/wp\/v2\/pages\/86\/revisions"}],"predecessor-version":[{"id":435,"href":"https:\/\/schulstiftung-calvarienberg.de\/index.php?rest_route=\/wp\/v2\/pages\/86\/revisions\/435"}],"wp:attachment":[{"href":"https:\/\/schulstiftung-calvarienberg.de\/index.php?rest_route=%2Fwp%2Fv2%2Fmedia&parent=86"}],"curies":[{"name":"wp","href":"https:\/\/api.w.org\/{rel}","templated":true}]}}